{"id":5787,"date":"2023-01-16T15:11:14","date_gmt":"2023-01-16T15:11:14","guid":{"rendered":"https:\/\/laenud.ee\/?page_id=5787"},"modified":"2026-03-18T15:38:59","modified_gmt":"2026-03-18T13:38:59","slug":"eraklient","status":"publish","type":"page","link":"https:\/\/laenud.ee\/en\/eraklient\/","title":{"rendered":"Private customer"},"content":{"rendered":"\t\t<div data-elementor-type=\"wp-page\" data-elementor-id=\"5787\" class=\"elementor elementor-5787\" data-elementor-settings=\"{&quot;ha_cmc_init_switcher&quot;:&quot;no&quot;}\" data-elementor-post-type=\"page\">\n\t\t\t\t\t\t<section data-particle_enable=\"false\" data-particle-mobile-disabled=\"false\" class=\"elementor-section elementor-top-section elementor-element elementor-element-6084e54e elementor-section-full_width elementor-section-height-min-height elementor-section-items-stretch elementor-section-content-middle pylon-column-stretched-none elementor-section-height-default\" data-id=\"6084e54e\" data-element_type=\"section\" data-e-type=\"section\" data-settings=\"{&quot;background_background&quot;:&quot;classic&quot;,&quot;_ha_eqh_enable&quot;:false}\">\n\t\t\t\t\t\t\t<div class=\"elementor-background-overlay\"><\/div>\n\t\t\t\t\t\t\t<div class=\"elementor-container elementor-column-gap-no\">\n\t\t\t\t\t<div class=\"elementor-column elementor-col-100 elementor-top-column elementor-element elementor-element-6213a9e2\" data-id=\"6213a9e2\" data-element_type=\"column\" data-e-type=\"column\" data-settings=\"{&quot;background_background&quot;:&quot;classic&quot;}\">\n\t\t\t<div class=\"elementor-widget-wrap elementor-element-populated\">\n\t\t\t\t\t\t<div class=\"elementor-element elementor-element-625cd223 elementor-widget elementor-widget-heading\" data-id=\"625cd223\" data-element_type=\"widget\" data-e-type=\"widget\" data-widget_type=\"heading.default\">\n\t\t\t\t<div class=\"elementor-widget-container\">\n\t\t\t\t\t<h2 class=\"elementor-heading-title elementor-size-default\">Laenud erakliendile<\/h2>\t\t\t\t<\/div>\n\t\t\t\t<\/div>\n\t\t\t\t<div class=\"elementor-element elementor-element-3e282a2d elementor-widget elementor-widget-text-editor\" data-id=\"3e282a2d\" data-element_type=\"widget\" data-e-type=\"widget\" data-widget_type=\"text-editor.default\">\n\t\t\t\t<div class=\"elementor-widget-container\">\n\t\t\t\t\t\t\t\t\t<ul><li>Laenusumma alates 3000 \u20ac<\/li><li>Kuni 75% tagatise v\u00e4\u00e4rtusest<\/li><li>Intress alates 2% kuus<\/li><li>Laenuperiood 1 kuu &#8211; 1 aasta<\/li><li>Vastus 1 t\u00f6\u00f6p\u00e4eva jooksul<\/li><\/ul>\t\t\t\t\t\t\t\t<\/div>\n\t\t\t\t<\/div>\n\t\t\t\t\t<\/div>\n\t\t<\/div>\n\t\t\t\t\t<\/div>\n\t\t<\/section>\n\t\t\t\t<section data-particle_enable=\"false\" data-particle-mobile-disabled=\"false\" class=\"elementor-section elementor-top-section elementor-element elementor-element-a6b0d6e pylon-column-stretched-none elementor-section-boxed elementor-section-height-default elementor-section-height-default\" data-id=\"a6b0d6e\" data-element_type=\"section\" data-e-type=\"section\" data-settings=\"{&quot;_ha_eqh_enable&quot;:false}\">\n\t\t\t\t\t\t<div class=\"elementor-container elementor-column-gap-default\">\n\t\t\t\t\t<div class=\"elementor-column elementor-col-100 elementor-top-column elementor-element elementor-element-822f14e\" data-id=\"822f14e\" data-element_type=\"column\" data-e-type=\"column\">\n\t\t\t<div class=\"elementor-widget-wrap elementor-element-populated\">\n\t\t\t\t\t\t<div class=\"elementor-element elementor-element-19388bb elementor-widget elementor-widget-spacer\" data-id=\"19388bb\" data-element_type=\"widget\" data-e-type=\"widget\" data-widget_type=\"spacer.default\">\n\t\t\t\t<div class=\"elementor-widget-container\">\n\t\t\t\t\t\t\t<div class=\"elementor-spacer\">\n\t\t\t<div class=\"elementor-spacer-inner\"><\/div>\n\t\t<\/div>\n\t\t\t\t\t\t<\/div>\n\t\t\t\t<\/div>\n\t\t\t\t\t<\/div>\n\t\t<\/div>\n\t\t\t\t\t<\/div>\n\t\t<\/section>\n\t\t\t\t<section data-particle_enable=\"false\" data-particle-mobile-disabled=\"false\" class=\"elementor-section elementor-top-section elementor-element elementor-element-2d9c603 pylon-column-stretched-none elementor-section-boxed elementor-section-height-default elementor-section-height-default\" data-id=\"2d9c603\" data-element_type=\"section\" data-e-type=\"section\" data-settings=\"{&quot;_ha_eqh_enable&quot;:false}\">\n\t\t\t\t\t\t<div class=\"elementor-container elementor-column-gap-default\">\n\t\t\t\t\t<div class=\"elementor-column elementor-col-50 elementor-top-column elementor-element elementor-element-603a87b\" data-id=\"603a87b\" data-element_type=\"column\" data-e-type=\"column\">\n\t\t\t<div class=\"elementor-widget-wrap elementor-element-populated\">\n\t\t\t\t\t\t<section data-particle_enable=\"false\" data-particle-mobile-disabled=\"false\" class=\"elementor-section elementor-inner-section elementor-element elementor-element-0e4b737 pylon-column-stretched-none elementor-section-boxed elementor-section-height-default elementor-section-height-default\" data-id=\"0e4b737\" data-element_type=\"section\" data-e-type=\"section\" data-settings=\"{&quot;_ha_eqh_enable&quot;:false}\">\n\t\t\t\t\t\t<div class=\"elementor-container elementor-column-gap-default\">\n\t\t\t\t\t<div class=\"elementor-column elementor-col-100 elementor-inner-column elementor-element elementor-element-c74cf56\" data-id=\"c74cf56\" data-element_type=\"column\" data-e-type=\"column\">\n\t\t\t<div class=\"elementor-widget-wrap\">\n\t\t\t\t\t\t\t<\/div>\n\t\t<\/div>\n\t\t\t\t\t<\/div>\n\t\t<\/section>\n\t\t\t\t<div class=\"elementor-element elementor-element-88c1b2a elementor-widget elementor-widget-pylon_title\" data-id=\"88c1b2a\" data-element_type=\"widget\" data-e-type=\"widget\" data-widget_type=\"pylon_title.default\">\n\t\t\t\t<div class=\"elementor-widget-container\">\n\t\t\t\t\t        <div class=\"pylon-title\">\r\n            <div class=\"block-title\">\r\n                <p class=\"small-title\">Alates 5000 \u20ac<\/p>\r\n            <h2 class=\"title-block\">S\u00f5idukilaen<\/h2>\r\n                        <\/div>\r\n            <p>Krediidiv\u00f5imalus erakliendile, mille tagatiseks sobivad erinevad mootors\u00f5idukid nagu s\u00f5iduauto, mootorratas, ATV, vees\u00f5iduk, mootorsaan, t\u00f6\u00f6riists\u00f5iduk.\u00a0<\/p>                        <div class=\"button-wrap\">\r\n                \t\t        <a href=\"https:\/\/laenud.ee\/en\/soidukilaen-eraklient\/\" class=\"thm-btn\" >Uuri l\u00e4hemalt<\/a>\r\n\t\t                    <\/div>\r\n                    <\/div>\r\n        \t\t\t\t<\/div>\n\t\t\t\t<\/div>\n\t\t\t\t\t<\/div>\n\t\t<\/div>\n\t\t\t\t<div class=\"elementor-column elementor-col-50 elementor-top-column elementor-element elementor-element-8e35f19\" data-id=\"8e35f19\" data-element_type=\"column\" data-e-type=\"column\">\n\t\t\t<div class=\"elementor-widget-wrap elementor-element-populated\">\n\t\t\t\t\t\t<div class=\"elementor-element elementor-element-74dc162 elementor-widget elementor-widget-image\" data-id=\"74dc162\" data-element_type=\"widget\" data-e-type=\"widget\" data-widget_type=\"image.default\">\n\t\t\t\t<div class=\"elementor-widget-container\">\n\t\t\t\t\t\t\t\t\t\t\t\t\t\t\t<img fetchpriority=\"high\" decoding=\"async\" width=\"640\" height=\"427\" src=\"https:\/\/laenud.ee\/wp-content\/uploads\/2023\/03\/autolaen-soidukilaen-laenud-1024x683.jpg\" class=\"attachment-large size-large wp-image-9967\" alt=\"\" srcset=\"https:\/\/laenud.ee\/wp-content\/uploads\/2023\/03\/autolaen-soidukilaen-laenud-1024x683.jpg 1024w, https:\/\/laenud.ee\/wp-content\/uploads\/2023\/03\/autolaen-soidukilaen-laenud-300x200.jpg 300w, https:\/\/laenud.ee\/wp-content\/uploads\/2023\/03\/autolaen-soidukilaen-laenud-768x512.jpg 768w, https:\/\/laenud.ee\/wp-content\/uploads\/2023\/03\/autolaen-soidukilaen-laenud-1536x1024.jpg 1536w, https:\/\/laenud.ee\/wp-content\/uploads\/2023\/03\/autolaen-soidukilaen-laenud-2048x1366.jpg 2048w\" sizes=\"(max-width: 640px) 100vw, 640px\" \/>\t\t\t\t\t\t\t\t\t\t\t\t\t\t\t<\/div>\n\t\t\t\t<\/div>\n\t\t\t\t\t<\/div>\n\t\t<\/div>\n\t\t\t\t\t<\/div>\n\t\t<\/section>\n\t\t\t\t<section data-particle_enable=\"false\" data-particle-mobile-disabled=\"false\" class=\"elementor-section elementor-top-section elementor-element elementor-element-55106bd pylon-column-stretched-none elementor-section-boxed elementor-section-height-default elementor-section-height-default\" data-id=\"55106bd\" data-element_type=\"section\" data-e-type=\"section\" data-settings=\"{&quot;_ha_eqh_enable&quot;:false}\">\n\t\t\t\t\t\t<div class=\"elementor-container elementor-column-gap-default\">\n\t\t\t\t\t<div class=\"elementor-column elementor-col-100 elementor-top-column elementor-element elementor-element-6fae110\" data-id=\"6fae110\" data-element_type=\"column\" data-e-type=\"column\">\n\t\t\t<div class=\"elementor-widget-wrap elementor-element-populated\">\n\t\t\t\t\t\t<div class=\"elementor-element elementor-element-7ae59a6 elementor-widget elementor-widget-spacer\" data-id=\"7ae59a6\" data-element_type=\"widget\" data-e-type=\"widget\" data-widget_type=\"spacer.default\">\n\t\t\t\t<div class=\"elementor-widget-container\">\n\t\t\t\t\t\t\t<div class=\"elementor-spacer\">\n\t\t\t<div class=\"elementor-spacer-inner\"><\/div>\n\t\t<\/div>\n\t\t\t\t\t\t<\/div>\n\t\t\t\t<\/div>\n\t\t\t\t<div class=\"elementor-element elementor-element-c58eb64 elementor-widget elementor-widget-html\" data-id=\"c58eb64\" data-element_type=\"widget\" data-e-type=\"widget\" data-widget_type=\"html.default\">\n\t\t\t\t<div class=\"elementor-widget-container\">\n\t\t\t\t\t<script>\r\n\r\ndocument.addEventListener('DOMContentLoaded', function() {\r\njQuery(function($){\r\n    \r\nlet desktoptitles = $('.elementor-tab-desktop-title');\r\nlet mobiletitles = $('.elementor-tab-mobile-title');\r\nlet isMobile = window.innerWidth < 768;\r\nlet openers = document.querySelectorAll('[data-tab-open]');\r\n\r\nopeners.forEach( (e,i) => {\r\ne.addEventListener('click',function(){\r\nlet openThis = e.getAttribute('data-tab-open');\r\nif (!(desktoptitles.eq(openThis).hasClass('elementor-active'))){\r\ndesktoptitles.eq(openThis).click();\r\n}\r\nif (!(mobiletitles.eq(openThis).hasClass('elementor-active'))){\r\nmobiletitles.eq(openThis).click();\r\n}\r\n$('html, body').animate({\r\nscrollTop: isMobile? mobiletitles.eq(openThis).offset().top - 100 : desktoptitles.eq(openThis).offset().top - 100\r\n},'slow');\r\n});\r\n}); } );\r\n}); \r\n<\/script>\r\n\t\t\t\t<\/div>\n\t\t\t\t<\/div>\n\t\t\t\t\t<\/div>\n\t\t<\/div>\n\t\t\t\t\t<\/div>\n\t\t<\/section>\n\t\t\t\t<section data-particle_enable=\"false\" data-particle-mobile-disabled=\"false\" class=\"elementor-section elementor-top-section elementor-element elementor-element-c3704b0 elementor-reverse-tablet elementor-reverse-mobile pylon-column-stretched-none elementor-section-boxed elementor-section-height-default elementor-section-height-default\" data-id=\"c3704b0\" data-element_type=\"section\" data-e-type=\"section\" data-settings=\"{&quot;_ha_eqh_enable&quot;:false}\">\n\t\t\t\t\t\t<div class=\"elementor-container elementor-column-gap-default\">\n\t\t\t\t\t<div class=\"elementor-column elementor-col-50 elementor-top-column elementor-element elementor-element-f3d2f94\" data-id=\"f3d2f94\" data-element_type=\"column\" data-e-type=\"column\">\n\t\t\t<div class=\"elementor-widget-wrap elementor-element-populated\">\n\t\t\t\t\t\t<div class=\"elementor-element elementor-element-e27af1a elementor-widget elementor-widget-image\" data-id=\"e27af1a\" data-element_type=\"widget\" data-e-type=\"widget\" data-widget_type=\"image.default\">\n\t\t\t\t<div class=\"elementor-widget-container\">\n\t\t\t\t\t\t\t\t\t\t\t\t\t\t\t<img decoding=\"async\" width=\"640\" height=\"427\" src=\"https:\/\/laenud.ee\/wp-content\/uploads\/2026\/03\/Kaekellade-laen.jpg\" class=\"attachment-large size-large wp-image-11550\" alt=\"\" srcset=\"https:\/\/laenud.ee\/wp-content\/uploads\/2026\/03\/Kaekellade-laen.jpg 1000w, https:\/\/laenud.ee\/wp-content\/uploads\/2026\/03\/Kaekellade-laen-300x200.jpg 300w, https:\/\/laenud.ee\/wp-content\/uploads\/2026\/03\/Kaekellade-laen-768x512.jpg 768w\" sizes=\"(max-width: 640px) 100vw, 640px\" \/>\t\t\t\t\t\t\t\t\t\t\t\t\t\t\t<\/div>\n\t\t\t\t<\/div>\n\t\t\t\t\t<\/div>\n\t\t<\/div>\n\t\t\t\t<div class=\"elementor-column elementor-col-50 elementor-top-column elementor-element elementor-element-1587f12\" data-id=\"1587f12\" data-element_type=\"column\" data-e-type=\"column\">\n\t\t\t<div class=\"elementor-widget-wrap elementor-element-populated\">\n\t\t\t\t\t\t<section data-particle_enable=\"false\" data-particle-mobile-disabled=\"false\" class=\"elementor-section elementor-inner-section elementor-element elementor-element-bafe4d2 pylon-column-stretched-none elementor-section-boxed elementor-section-height-default elementor-section-height-default\" data-id=\"bafe4d2\" data-element_type=\"section\" data-e-type=\"section\" data-settings=\"{&quot;_ha_eqh_enable&quot;:false}\">\n\t\t\t\t\t\t<div class=\"elementor-container elementor-column-gap-default\">\n\t\t\t\t\t<div class=\"elementor-column elementor-col-100 elementor-inner-column elementor-element elementor-element-b139578\" data-id=\"b139578\" data-element_type=\"column\" data-e-type=\"column\">\n\t\t\t<div class=\"elementor-widget-wrap elementor-element-populated\">\n\t\t\t\t\t\t<div data-ha-element-link=\"{&quot;url&quot;:&quot;#&quot;,&quot;is_external&quot;:&quot;&quot;,&quot;nofollow&quot;:&quot;&quot;}\" style=\"cursor: pointer\" class=\"elementor-element elementor-element-60cf056 elementor-widget elementor-widget-pylon_title\" data-id=\"60cf056\" data-element_type=\"widget\" data-e-type=\"widget\" data-widget_type=\"pylon_title.default\">\n\t\t\t\t<div class=\"elementor-widget-container\">\n\t\t\t\t\t        <div class=\"pylon-title\">\r\n            <div class=\"block-title\">\r\n                <p class=\"small-title\">Alates 3000 \u20ac<\/p>\r\n            <h2 class=\"title-block\">Kellalaen<\/h2>\r\n                        <\/div>\r\n            <p>Laenu\u00a0 v\u00f5imalus erakliendile, mille tagatiseks sobivad nii meeste kui naiste \u00a0tunnustatud br\u00e4ndide, k\u00e4ekellad nagu Patek Philippe, Audemars Piguet, Vacheron Constantin, Cartier, Rolex, Hublot, jms.<\/p>                        <div class=\"button-wrap\">\r\n                \t\t        <a href=\"https:\/\/laenud.ee\/en\/kellalaen-eraklient\/\" class=\"thm-btn\" >Uuri l\u00e4hemalt<\/a>\r\n\t\t                    <\/div>\r\n                    <\/div>\r\n        \t\t\t\t<\/div>\n\t\t\t\t<\/div>\n\t\t\t\t\t<\/div>\n\t\t<\/div>\n\t\t\t\t\t<\/div>\n\t\t<\/section>\n\t\t\t\t\t<\/div>\n\t\t<\/div>\n\t\t\t\t\t<\/div>\n\t\t<\/section>\n\t\t\t\t<section data-particle_enable=\"false\" data-particle-mobile-disabled=\"false\" class=\"elementor-section elementor-top-section elementor-element elementor-element-b2545a4 pylon-column-stretched-none elementor-section-boxed elementor-section-height-default elementor-section-height-default\" data-id=\"b2545a4\" data-element_type=\"section\" data-e-type=\"section\" data-settings=\"{&quot;_ha_eqh_enable&quot;:false}\">\n\t\t\t\t\t\t<div class=\"elementor-container elementor-column-gap-default\">\n\t\t\t\t\t<div class=\"elementor-column elementor-col-100 elementor-top-column elementor-element elementor-element-bfcf9ba\" data-id=\"bfcf9ba\" data-element_type=\"column\" data-e-type=\"column\">\n\t\t\t<div class=\"elementor-widget-wrap elementor-element-populated\">\n\t\t\t\t\t\t<div class=\"elementor-element elementor-element-17bd9f9 elementor-widget elementor-widget-spacer\" data-id=\"17bd9f9\" data-element_type=\"widget\" data-e-type=\"widget\" data-widget_type=\"spacer.default\">\n\t\t\t\t<div class=\"elementor-widget-container\">\n\t\t\t\t\t\t\t<div class=\"elementor-spacer\">\n\t\t\t<div class=\"elementor-spacer-inner\"><\/div>\n\t\t<\/div>\n\t\t\t\t\t\t<\/div>\n\t\t\t\t<\/div>\n\t\t\t\t\t<\/div>\n\t\t<\/div>\n\t\t\t\t\t<\/div>\n\t\t<\/section>\n\t\t\t\t<section data-particle_enable=\"false\" data-particle-mobile-disabled=\"false\" class=\"elementor-section elementor-top-section elementor-element elementor-element-26f9cee pylon-column-stretched-none elementor-section-boxed elementor-section-height-default elementor-section-height-default\" data-id=\"26f9cee\" data-element_type=\"section\" data-e-type=\"section\" data-settings=\"{&quot;_ha_eqh_enable&quot;:false}\">\n\t\t\t\t\t\t<div class=\"elementor-container elementor-column-gap-default\">\n\t\t\t\t\t<div class=\"elementor-column elementor-col-100 elementor-top-column elementor-element elementor-element-5e99244\" data-id=\"5e99244\" data-element_type=\"column\" data-e-type=\"column\">\n\t\t\t<div class=\"elementor-widget-wrap elementor-element-populated\">\n\t\t\t\t\t\t<div class=\"elementor-element elementor-element-c441107 elementor-widget elementor-widget-spacer\" data-id=\"c441107\" data-element_type=\"widget\" data-e-type=\"widget\" data-widget_type=\"spacer.default\">\n\t\t\t\t<div class=\"elementor-widget-container\">\n\t\t\t\t\t\t\t<div class=\"elementor-spacer\">\n\t\t\t<div class=\"elementor-spacer-inner\"><\/div>\n\t\t<\/div>\n\t\t\t\t\t\t<\/div>\n\t\t\t\t<\/div>\n\t\t\t\t\t<\/div>\n\t\t<\/div>\n\t\t\t\t\t<\/div>\n\t\t<\/section>\n\t\t\t\t<\/div>\n\t\t","protected":false},"excerpt":{"rendered":"<p>Laenud erakliendile Laenusumma alates 3000 \u20ac Kuni 75% tagatise v\u00e4\u00e4rtusest Intress alates 2% kuus Laenuperiood 1 kuu &#8211; 1 aasta Vastus 1 t\u00f6\u00f6p\u00e4eva [&hellip;]<\/p>\n","protected":false},"author":3,"featured_media":0,"parent":0,"menu_order":0,"comment_status":"closed","ping_status":"closed","template":"elementor_header_footer","meta":{"footnotes":""},"class_list":["post-5787","page","type-page","status-publish","hentry"],"aioseo_notices":[],"_links":{"self":[{"href":"https:\/\/laenud.ee\/en\/wp-json\/wp\/v2\/pages\/5787","targetHints":{"allow":["GET"]}}],"collection":[{"href":"https:\/\/laenud.ee\/en\/wp-json\/wp\/v2\/pages"}],"about":[{"href":"https:\/\/laenud.ee\/en\/wp-json\/wp\/v2\/types\/page"}],"author":[{"embeddable":true,"href":"https:\/\/laenud.ee\/en\/wp-json\/wp\/v2\/users\/3"}],"replies":[{"embeddable":true,"href":"https:\/\/laenud.ee\/en\/wp-json\/wp\/v2\/comments?post=5787"}],"version-history":[{"count":26,"href":"https:\/\/laenud.ee\/en\/wp-json\/wp\/v2\/pages\/5787\/revisions"}],"predecessor-version":[{"id":11597,"href":"https:\/\/laenud.ee\/en\/wp-json\/wp\/v2\/pages\/5787\/revisions\/11597"}],"wp:attachment":[{"href":"https:\/\/laenud.ee\/en\/wp-json\/wp\/v2\/media?parent=5787"}],"curies":[{"name":"wp","href":"https:\/\/api.w.org\/{rel}","templated":true}]}}